{"id":1317,"date":"2021-10-04T10:00:05","date_gmt":"2021-10-04T10:00:05","guid":{"rendered":"https:\/\/ruud-borst.nl\/arbeiten-bei-ruud-borst-transport\/"},"modified":"2025-03-12T13:14:50","modified_gmt":"2025-03-12T13:14:50","slug":"arbeiten-bei-ruud-borst-transport","status":"publish","type":"page","link":"https:\/\/ruud-borst.nl\/de\/arbeiten-bei-ruud-borst-transport\/","title":{"rendered":"ARBEITEN BEI RUUD BORST TRANSPORT"},"content":{"rendered":"<p>[et_pb_section fb_built=&#8220;1&#8243; next_background_color=&#8220;RGBA(0,0,0,0)&#8220; _builder_version=&#8220;4.16&#8243; _module_preset=&#8220;default&#8220; background_image=&#8220;https:\/\/ruud-borst.nl\/wp-content\/uploads\/2021\/05\/home2.jpg&#8220; parallax=&#8220;on&#8220; min_height=&#8220;683px&#8220; custom_padding=&#8220;103px||0px|||&#8220; bottom_divider_style=&#8220;slant&#8220; bottom_divider_flip=&#8220;horizontal&#8220; background_last_edited=&#8220;on|phone&#8220; background_position_tablet=&#8220;center&#8220; background_position_phone=&#8220;center&#8220; global_colors_info=&#8220;{}&#8220;][et_pb_row column_structure=&#8220;1_2,1_2&#8243; _builder_version=&#8220;4.16&#8243; _module_preset=&#8220;default&#8220; global_colors_info=&#8220;{}&#8220;][et_pb_column type=&#8220;1_2&#8243; _builder_version=&#8220;4.16&#8243; _module_preset=&#8220;default&#8220; global_colors_info=&#8220;{}&#8220;][et_pb_text _builder_version=&#8220;4.16&#8243; _module_preset=&#8220;default&#8220; text_text_color=&#8220;#FFFFFF&#8220; text_font_size=&#8220;12px&#8220; header_text_color=&#8220;#FFFFFF&#8220; header_font_size=&#8220;70px&#8220; width=&#8220;100%&#8220; custom_padding=&#8220;43px|0px||0px|false|false&#8220; header_font_size_tablet=&#8220;60px&#8220; header_font_size_phone=&#8220;45px&#8220; header_font_size_last_edited=&#8220;on|phone&#8220; header_text_shadow_style=&#8220;preset3&#8243; global_colors_info=&#8220;{}&#8220;]<\/p>\n<h1><em>ARBEITEN BEI RUUD BORST TRANSPORT<\/em><\/h1>\n<p><em><\/em><\/p>\n<p>[\/et_pb_text][\/et_pb_column][et_pb_column type=&#8220;1_2&#8243; _builder_version=&#8220;4.16&#8243; _module_preset=&#8220;default&#8220; global_colors_info=&#8220;{}&#8220;][\/et_pb_column][\/et_pb_row][\/et_pb_section][et_pb_section fb_built=&#8220;1&#8243; _builder_version=&#8220;4.16&#8243; _module_preset=&#8220;default&#8220; background_color=&#8220;RGBA(0,0,0,0)&#8220; positioning=&#8220;fixed&#8220; position_origin_f=&#8220;center_right&#8220; vertical_offset=&#8220;0px&#8220; z_index=&#8220;500&#8243; vertical_offset_tablet=&#8220;&#8220; vertical_offset_phone=&#8220;40px&#8220; vertical_offset_last_edited=&#8220;on|phone&#8220; horizontal_offset_phone=&#8220;0px&#8220; horizontal_offset_last_edited=&#8220;off|desktop&#8220; position_origin_a_last_edited=&#8220;off|desktop&#8220; position_origin_f_phone=&#8220;top_right&#8220; position_origin_f_last_edited=&#8220;off|desktop&#8220; position_origin_r_last_edited=&#8220;off|desktop&#8220; width=&#8220;250px&#8220; custom_padding=&#8220;||||false|false&#8220; positioning_last_edited=&#8220;off|desktop&#8220; locked=&#8220;off&#8220; global_colors_info=&#8220;{}&#8220;][et_pb_row _builder_version=&#8220;4.16&#8243; _module_preset=&#8220;default&#8220; module_alignment=&#8220;right&#8220; custom_padding=&#8220;1px||3px|||&#8220; global_colors_info=&#8220;{}&#8220;][et_pb_column type=&#8220;4_4&#8243; _builder_version=&#8220;4.16&#8243; _module_preset=&#8220;default&#8220; global_colors_info=&#8220;{}&#8220;][et_pb_blurb url=&#8220;tel:+31348552153&#8243; use_icon=&#8220;on&#8220; font_icon=&#8220;&#xe090;||divi||400&#8243; icon_color=&#8220;#FFFFFF&#8220; icon_placement=&#8220;left&#8220; image_icon_width=&#8220;23px&#8220; content_max_width=&#8220;1100px&#8220; _builder_version=&#8220;4.16&#8243; _module_preset=&#8220;default&#8220; body_font=&#8220;Rubik||||||||&#8220; body_text_color=&#8220;#FFFFFF&#8220; body_font_size=&#8220;12px&#8220; background_color=&#8220;#07488f&#8220; transform_translate=&#8220;145px|0px&#8220; transform_translate_linked=&#8220;off&#8220; transform_translate_linked__hover=&#8220;off&#8220; max_width=&#8220;200px&#8220; module_alignment=&#8220;right&#8220; custom_padding=&#8220;15px|15px|15px|15px|true|true&#8220; box_shadow_style=&#8220;preset2&#8243; box_shadow_horizontal=&#8220;-5px&#8220; box_shadow_vertical=&#8220;5px&#8220; box_shadow_blur=&#8220;12px&#8220; icon_font_size=&#8220;23px&#8220; global_colors_info=&#8220;{}&#8220; content__hover_enabled=&#8220;on|hover&#8220; content__hover=&#8220;<\/p>\n<p>RUFEN SIE UNS DIREKT AN<\/p>\n<p>&#8220; width__hover_enabled=&#8220;off|hover&#8220; transform_styles__hover_enabled=&#8220;on|hover&#8220; transform_scale__hover_enabled=&#8220;on|desktop&#8220; transform_translate__hover_enabled=&#8220;on|hover&#8220; transform_rotate__hover_enabled=&#8220;on|hover&#8220; transform_skew__hover_enabled=&#8220;on|hover&#8220; transform_origin__hover_enabled=&#8220;on|hover&#8220; transform_translate__hover=&#8220;0px|0px&#8220; max_width__hover_enabled=&#8220;off|hover&#8220; max_width__hover=&#8220;160px&#8220;][\/et_pb_blurb][\/et_pb_column][\/et_pb_row][et_pb_row _builder_version=&#8220;4.16&#8243; _module_preset=&#8220;default&#8220; module_alignment=&#8220;right&#8220; custom_padding=&#8220;1px||3px|||&#8220; global_colors_info=&#8220;{}&#8220;][et_pb_column type=&#8220;4_4&#8243; _builder_version=&#8220;4.16&#8243; _module_preset=&#8220;default&#8220; global_colors_info=&#8220;{}&#8220;][et_pb_blurb url=&#8220;mailto:planning@ruud-borst.nl&#8220; use_icon=&#8220;on&#8220; font_icon=&#8220;&#xe076;||divi||400&#8243; icon_color=&#8220;#FFFFFF&#8220; icon_placement=&#8220;left&#8220; image_icon_width=&#8220;23px&#8220; content_max_width=&#8220;1110px&#8220; _builder_version=&#8220;4.16&#8243; _module_preset=&#8220;default&#8220; body_font=&#8220;Rubik||||||||&#8220; body_text_color=&#8220;#FFFFFF&#8220; body_font_size=&#8220;12px&#8220; background_color=&#8220;#07488f&#8220; transform_translate=&#8220;145px|0px&#8220; transform_translate_linked=&#8220;off&#8220; transform_translate_linked__hover=&#8220;off&#8220; max_width=&#8220;200px&#8220; module_alignment=&#8220;right&#8220; custom_padding=&#8220;15px|15px|15px|15px|true|true&#8220; box_shadow_style=&#8220;preset2&#8243; box_shadow_horizontal=&#8220;-5px&#8220; box_shadow_vertical=&#8220;5px&#8220; box_shadow_blur=&#8220;12px&#8220; icon_font_size=&#8220;23px&#8220; global_colors_info=&#8220;{}&#8220; content__hover_enabled=&#8220;on|hover&#8220; content__hover=&#8220;<\/p>\n<p class=%22p1%22>SENDEN SIE UNS EINE EMAIL<\/p>\n<p>&#8220; width__hover_enabled=&#8220;off|hover&#8220; transform_styles__hover_enabled=&#8220;on|hover&#8220; transform_scale__hover_enabled=&#8220;on|hover&#8220; transform_translate__hover_enabled=&#8220;on|desktop&#8220; transform_rotate__hover_enabled=&#8220;on|hover&#8220; transform_skew__hover_enabled=&#8220;on|hover&#8220; transform_origin__hover_enabled=&#8220;on|hover&#8220; transform_translate__hover=&#8220;0px|0px&#8220;][\/et_pb_blurb][\/et_pb_column][\/et_pb_row][\/et_pb_section][et_pb_section fb_built=&#8220;1&#8243; _builder_version=&#8220;4.16&#8243; _module_preset=&#8220;default&#8220; global_colors_info=&#8220;{}&#8220;][et_pb_row column_structure=&#8220;1_2,1_2&#8243; _builder_version=&#8220;4.16&#8243; _module_preset=&#8220;default&#8220; global_colors_info=&#8220;{}&#8220;][et_pb_column type=&#8220;1_2&#8243; _builder_version=&#8220;4.16&#8243; _module_preset=&#8220;default&#8220; global_colors_info=&#8220;{}&#8220;][et_pb_text _builder_version=&#8220;4.16&#8243; _module_preset=&#8220;default&#8220; text_font=&#8220;Rubik||||||||&#8220; text_text_color=&#8220;#000000&#8243; header_2_font=&#8220;Rubik||||||||&#8220; header_2_text_color=&#8220;#143053&#8243; header_2_font_size=&#8220;40px&#8220; header_3_font=&#8220;Rubik||||||||&#8220; header_3_text_color=&#8220;#000000&#8243; width=&#8220;100%&#8220; custom_margin=&#8220;0px|50px|29px|0px|false|false&#8220; custom_padding=&#8220;|0px||0px||&#8220; header_2_font_size_tablet=&#8220;&#8220; header_2_font_size_phone=&#8220;35px&#8220; header_2_font_size_last_edited=&#8220;on|phone&#8220; locked=&#8220;off&#8220; global_colors_info=&#8220;{}&#8220;]<\/p>\n<h2><i>VERST\u00c4RKEN SIE UNSER TEAM?<\/i><\/h2>\n<p>[\/et_pb_text][\/et_pb_column][et_pb_column type=&#8220;1_2&#8243; _builder_version=&#8220;4.16&#8243; _module_preset=&#8220;default&#8220; global_colors_info=&#8220;{}&#8220;][\/et_pb_column][\/et_pb_row][et_pb_row _builder_version=&#8220;4.27.4&#8243; _module_preset=&#8220;default&#8220; column_structure=&#8220;3_5,2_5&#8243;][et_pb_column _builder_version=&#8220;4.27.4&#8243; _module_preset=&#8220;default&#8220; type=&#8220;3_5&#8243;][et_pb_text _builder_version=&#8220;4.27.4&#8243; _module_preset=&#8220;default&#8220; hover_enabled=&#8220;0&#8243; sticky_enabled=&#8220;0&#8243; header_4_text_color=&#8220;gcid-body-color&#8220; global_colors_info=&#8220;{%22gcid-body-color%22:%91%22header_4_text_color%22,%22header_5_text_color%22%93,%22gcid-heading-color%22:%91%22link_text_color%22%93}&#8220; header_5_text_color=&#8220;gcid-body-color&#8220; link_text_color=&#8220;gcid-heading-color&#8220;]<\/p>\n<h5 class=\"p1\">Derzeit haben wir keine offenen Stellen. M\u00f6chtest du dennoch eine Initiativbewerbung senden? Dann schicke sie bitte an: <a href=\"mailto:chiel@ruud-borst.nl\" title=\"mailto:chiel@ruud-borst.nl\">chiel@ruud-borst.nl<\/a><\/h5>\n<p>[\/et_pb_text][\/et_pb_column][et_pb_column _builder_version=&#8220;4.27.4&#8243; _module_preset=&#8220;default&#8220; type=&#8220;2_5&#8243;][\/et_pb_column][\/et_pb_row][et_pb_row column_structure=&#8220;1_2,1_2&#8243; _builder_version=&#8220;4.16&#8243; _module_preset=&#8220;default&#8220; custom_padding=&#8220;3px|||||&#8220; global_colors_info=&#8220;{}&#8220; disabled_on=&#8220;on|on|on&#8220; disabled=&#8220;on&#8220;][et_pb_column type=&#8220;1_2&#8243; _builder_version=&#8220;4.16&#8243; _module_preset=&#8220;default&#8220; global_colors_info=&#8220;{}&#8220;][et_pb_image src=&#8220;https:\/\/ruud-borst.nl\/wp-content\/uploads\/2021\/06\/Werken-bij.jpg&#8220; title_text=&#8220;ARBEITEN BEI &#8220; _builder_version=&#8220;4.16&#8243; _module_preset=&#8220;default&#8220; box_shadow_style=&#8220;preset4&#8243; box_shadow_horizontal=&#8220;20px&#8220; box_shadow_vertical=&#8220;20px&#8220; box_shadow_color=&#8220;#143053&#8243; global_colors_info=&#8220;{}&#8220; box_shadow_vertical__hover=&#8220;0px&#8220; box_shadow_vertical__hover_enabled=&#8220;on|hover&#8220;][\/et_pb_image][et_pb_text _builder_version=&#8220;4.16&#8243; _module_preset=&#8220;default&#8220; text_font=&#8220;Rubik|300|||||||&#8220; text_text_color=&#8220;#143053&#8243; text_font_size=&#8220;18px&#8220; text_letter_spacing=&#8220;1px&#8220; text_line_height=&#8220;1.4em&#8220; custom_margin=&#8220;60px||||false|false&#8220; custom_padding=&#8220;|3px|3px|3px|false|true&#8220; locked=&#8220;off&#8220; global_colors_info=&#8220;{}&#8220;]<\/p>\n<h2>Lagerarbeiter<\/h2>\n<p><b>Suchst du einen coolen Nebenjob?<br \/> <\/b><strong>Wir suchen nachmittags und abends Verst\u00e4rkung f\u00fcr unser Lager!<\/strong><\/p>\n<p>rbeiten Sie gerne in einem tollen Umfeld und m\u00f6gen Sie Herausforderungen?<\/p>\n<p>Dann senden Sie uns eine E-Mail oder rufen Sie Ruud an:<\/p>\n<p><a href=\"mailto:ruud@ruud-borst.nl\">ruud@ruud-borst.nl<\/a><\/p>\n<p><a href=\"tel:0348552153\u00a0\">0348 552153\u00a0<\/a><\/p>\n<p>[\/et_pb_text][et_pb_button button_url=&#8220;tel:+31348552153&#8243; button_text=&#8220;RUFEN SIE UNS DIREKT AN&#8220; button_alignment=&#8220;left&#8220; _builder_version=&#8220;4.16&#8243; _module_preset=&#8220;default&#8220; custom_button=&#8220;on&#8220; button_text_size=&#8220;15px&#8220; button_text_color=&#8220;#FFFFFF&#8220; button_bg_color=&#8220;#2e64ae&#8220; button_border_width=&#8220;0px&#8220; button_border_color=&#8220;#2e64ae&#8220; button_border_radius=&#8220;0px&#8220; button_font=&#8220;Rubik|500|||||||&#8220; button_icon=&#8220;&#x35;||divi||400&#8243; z_index=&#8220;500&#8243; custom_margin=&#8220;||10px||false|false&#8220; custom_padding=&#8220;12px||12px||true|false&#8220; animation_style=&#8220;zoom&#8220; box_shadow_style=&#8220;preset3&#8243; locked=&#8220;off&#8220; global_colors_info=&#8220;{}&#8220; button_bg_color__hover_enabled=&#8220;on|hover&#8220; button_bg_color__hover=&#8220;#06aae0&#8243; button_bg_enable_color__hover=&#8220;on&#8220;][\/et_pb_button][et_pb_button button_url=&#8220;mailto:ruud@ruud-borst.nl&#8220; button_text=&#8220;mailen Sie uns direkt&#8220; button_alignment=&#8220;left&#8220; _builder_version=&#8220;4.16&#8243; _module_preset=&#8220;default&#8220; custom_button=&#8220;on&#8220; button_text_size=&#8220;15px&#8220; button_text_color=&#8220;#FFFFFF&#8220; button_bg_color=&#8220;#2e64ae&#8220; button_border_width=&#8220;0px&#8220; button_border_color=&#8220;#2e64ae&#8220; button_border_radius=&#8220;0px&#8220; button_font=&#8220;Rubik|500||on|||||&#8220; button_icon=&#8220;&#xe010;||divi||400&#8243; z_index=&#8220;500&#8243; custom_margin=&#8220;||||false|false&#8220; custom_padding=&#8220;12px||12px||true|false&#8220; animation_style=&#8220;zoom&#8220; box_shadow_style=&#8220;preset3&#8243; locked=&#8220;off&#8220; global_colors_info=&#8220;{}&#8220; button_bg_color__hover_enabled=&#8220;on|hover&#8220; button_bg_color__hover=&#8220;#06aae0&#8243; button_bg_enable_color__hover=&#8220;on&#8220;][\/et_pb_button][\/et_pb_column][et_pb_column type=&#8220;1_2&#8243; _builder_version=&#8220;4.16&#8243; _module_preset=&#8220;default&#8220; global_colors_info=&#8220;{}&#8220;][et_pb_image src=&#8220;https:\/\/ruud-borst.nl\/wp-content\/uploads\/2021\/09\/RuudBorst_vacature_chauffeur.jpg&#8220; title_text=&#8220;RuudBorst_vacature_chauffeur&#8220; _builder_version=&#8220;4.16&#8243; _module_preset=&#8220;default&#8220; box_shadow_style=&#8220;preset4&#8243; box_shadow_horizontal=&#8220;20px&#8220; box_shadow_vertical=&#8220;20px&#8220; box_shadow_color=&#8220;#143053&#8243; global_colors_info=&#8220;{}&#8220; box_shadow_vertical__hover=&#8220;0px&#8220; box_shadow_vertical__hover_enabled=&#8220;on|hover&#8220;][\/et_pb_image][et_pb_text _builder_version=&#8220;4.16&#8243; _module_preset=&#8220;default&#8220; text_font=&#8220;Rubik|300|||||||&#8220; text_text_color=&#8220;#143053&#8243; text_font_size=&#8220;18px&#8220; text_letter_spacing=&#8220;1px&#8220; text_line_height=&#8220;1.4em&#8220; custom_margin=&#8220;60px||||false|false&#8220; custom_padding=&#8220;|3px|3px|3px|false|true&#8220; locked=&#8220;off&#8220; global_colors_info=&#8220;{}&#8220;]<\/p>\n<h2>CE-Fahrer<\/h2>\n<p><strong>F\u00fcr unseren Transport von und nach Deutschland suchen wir einen begeisterten CE-Fahrer.<\/strong><\/p>\n<p>Arbeiten Sie gerne in einem tollen Umfeld und m\u00f6gen Sie Herausforderungen?<\/p>\n<p>Dann senden Sie uns eine E-Mail oder rufen Sie Ruud an:<\/p>\n<p><a href=\"mailto:ruud@ruud-borst.nl\">ruud@ruud-borst.nl<\/a><\/p>\n<p><a href=\"tel:0348552153\u00a0\">0348 552153\u00a0<\/a><\/p>\n<p><em>PS: Es gibt M\u00f6glichkeiten, das Fahrzeug eventuell mit an den eigenen Standort zu nehmen!<\/em><\/p>\n<p>&nbsp;<\/p>\n<p>[\/et_pb_text][et_pb_button button_url=&#8220;tel:+31348552153&#8243; button_text=&#8220;RUFEN SIE UNS DIREKT AN&#8220; button_alignment=&#8220;left&#8220; _builder_version=&#8220;4.16&#8243; _module_preset=&#8220;default&#8220; custom_button=&#8220;on&#8220; button_text_size=&#8220;15px&#8220; button_text_color=&#8220;#FFFFFF&#8220; button_bg_color=&#8220;#2e64ae&#8220; button_border_width=&#8220;0px&#8220; button_border_color=&#8220;#2e64ae&#8220; button_border_radius=&#8220;0px&#8220; button_font=&#8220;Rubik|500|||||||&#8220; button_icon=&#8220;&#x35;||divi||400&#8243; z_index=&#8220;500&#8243; custom_margin=&#8220;||10px||false|false&#8220; custom_padding=&#8220;12px||12px||true|false&#8220; animation_style=&#8220;zoom&#8220; box_shadow_style=&#8220;preset3&#8243; locked=&#8220;off&#8220; global_colors_info=&#8220;{}&#8220; button_bg_color__hover_enabled=&#8220;on|hover&#8220; button_bg_color__hover=&#8220;#06aae0&#8243; button_bg_enable_color__hover=&#8220;on&#8220;][\/et_pb_button][et_pb_button button_url=&#8220;mailto:ruud@ruud-borst.nl&#8220; button_text=&#8220;mailen Sie uns direkt&#8220; button_alignment=&#8220;left&#8220; _builder_version=&#8220;4.16&#8243; _module_preset=&#8220;default&#8220; custom_button=&#8220;on&#8220; button_text_size=&#8220;15px&#8220; button_text_color=&#8220;#FFFFFF&#8220; button_bg_color=&#8220;#2e64ae&#8220; button_border_width=&#8220;0px&#8220; button_border_color=&#8220;#2e64ae&#8220; button_border_radius=&#8220;0px&#8220; button_font=&#8220;Rubik|500||on|||||&#8220; button_icon=&#8220;&#xe010;||divi||400&#8243; z_index=&#8220;500&#8243; custom_margin=&#8220;||||false|false&#8220; custom_padding=&#8220;12px||12px||true|false&#8220; animation_style=&#8220;zoom&#8220; box_shadow_style=&#8220;preset3&#8243; locked=&#8220;off&#8220; global_colors_info=&#8220;{}&#8220; button_bg_color__hover_enabled=&#8220;on|hover&#8220; button_bg_color__hover=&#8220;#06aae0&#8243; button_bg_enable_color__hover=&#8220;on&#8220;][\/et_pb_button][\/et_pb_column][\/et_pb_row][\/et_pb_section][et_pb_section fb_built=&#8220;1&#8243; prev_background_color=&#8220;#ffffff&#8220; _builder_version=&#8220;4.16&#8243; _module_preset=&#8220;default&#8220; use_background_color_gradient=&#8220;on&#8220; background_color_gradient_stops=&#8220;#143053 0%|#143053 100%&#8220; background_color_gradient_start=&#8220;#143053&#8243; background_color_gradient_end=&#8220;#143053&#8243; background_image=&#8220;https:\/\/ruud-borst.nl\/wp-content\/uploads\/2021\/06\/Service-header.jpg&#8220; parallax=&#8220;on&#8220; custom_padding=&#8220;322px||170px||false|&#8220; top_divider_style=&#8220;slant&#8220; top_divider_flip=&#8220;horizontal&#8220; bottom_divider_style=&#8220;slant&#8220; bottom_divider_color=&#8220;#143053&#8243; locked=&#8220;off&#8220; global_colors_info=&#8220;{}&#8220;][\/et_pb_section]<\/p>\n","protected":false},"excerpt":{"rendered":"<p>ARBEITEN BEI RUUD BORST TRANSPORT VERST\u00c4RKEN SIE UNSER TEAM?Derzeit haben wir keine offenen Stellen. M\u00f6chtest du dennoch eine Initiativbewerbung senden? Dann schicke sie bitte an: chiel@ruud-borst.nlLagerarbeiter Suchst du einen coolen Nebenjob? Wir suchen nachmittags und abends Verst\u00e4rkung f\u00fcr unser Lager! rbeiten Sie gerne in einem tollen Umfeld und m\u00f6gen Sie Herausforderungen? Dann senden Sie uns [&hellip;]<\/p>\n","protected":false},"author":2,"featured_media":0,"parent":0,"menu_order":0,"comment_status":"closed","ping_status":"closed","template":"","meta":{"_et_pb_use_builder":"on","_et_pb_old_content":"","_et_gb_content_width":"","footnotes":""},"class_list":["post-1317","page","type-page","status-publish","hentry"],"yoast_head":"<!-- This site is optimized with the Yoast SEO plugin v25.9 - https:\/\/yoast.com\/wordpress\/plugins\/seo\/ -->\n<title>ARBEITEN BEI RUUD BORST TRANSPORT - Ruud Borst Transport<\/title>\n<meta name=\"robots\" content=\"index, follow, max-snippet:-1, max-image-preview:large, max-video-preview:-1\" \/>\n<link rel=\"canonical\" href=\"https:\/\/ruud-borst.nl\/de\/arbeiten-bei-ruud-borst-transport\/\" \/>\n<meta property=\"og:locale\" content=\"de_DE\" \/>\n<meta property=\"og:type\" content=\"article\" \/>\n<meta property=\"og:title\" content=\"ARBEITEN BEI RUUD BORST TRANSPORT - Ruud Borst Transport\" \/>\n<meta property=\"og:description\" content=\"ARBEITEN BEI RUUD BORST TRANSPORT VERST\u00c4RKEN SIE UNSER TEAM?Derzeit haben wir keine offenen Stellen. M\u00f6chtest du dennoch eine Initiativbewerbung senden? Dann schicke sie bitte an: chiel@ruud-borst.nlLagerarbeiter Suchst du einen coolen Nebenjob? Wir suchen nachmittags und abends Verst\u00e4rkung f\u00fcr unser Lager! rbeiten Sie gerne in einem tollen Umfeld und m\u00f6gen Sie Herausforderungen? Dann senden Sie uns [&hellip;]\" \/>\n<meta property=\"og:url\" content=\"https:\/\/ruud-borst.nl\/de\/arbeiten-bei-ruud-borst-transport\/\" \/>\n<meta property=\"og:site_name\" content=\"Ruud Borst Transport\" \/>\n<meta property=\"article:modified_time\" content=\"2025-03-12T13:14:50+00:00\" \/>\n<meta name=\"twitter:card\" content=\"summary_large_image\" \/>\n<meta name=\"twitter:label1\" content=\"Gesch\u00e4tzte Lesezeit\" \/>\n\t<meta name=\"twitter:data1\" content=\"9\u00a0Minuten\" \/>\n<script type=\"application\/ld+json\" class=\"yoast-schema-graph\">{\"@context\":\"https:\/\/schema.org\",\"@graph\":[{\"@type\":\"WebPage\",\"@id\":\"https:\/\/ruud-borst.nl\/de\/arbeiten-bei-ruud-borst-transport\/\",\"url\":\"https:\/\/ruud-borst.nl\/de\/arbeiten-bei-ruud-borst-transport\/\",\"name\":\"ARBEITEN BEI RUUD BORST TRANSPORT - Ruud Borst Transport\",\"isPartOf\":{\"@id\":\"https:\/\/ruud-borst.nl\/nl\/#website\"},\"datePublished\":\"2021-10-04T10:00:05+00:00\",\"dateModified\":\"2025-03-12T13:14:50+00:00\",\"breadcrumb\":{\"@id\":\"https:\/\/ruud-borst.nl\/de\/arbeiten-bei-ruud-borst-transport\/#breadcrumb\"},\"inLanguage\":\"de\",\"potentialAction\":[{\"@type\":\"ReadAction\",\"target\":[\"https:\/\/ruud-borst.nl\/de\/arbeiten-bei-ruud-borst-transport\/\"]}]},{\"@type\":\"BreadcrumbList\",\"@id\":\"https:\/\/ruud-borst.nl\/de\/arbeiten-bei-ruud-borst-transport\/#breadcrumb\",\"itemListElement\":[{\"@type\":\"ListItem\",\"position\":1,\"name\":\"Home\",\"item\":\"https:\/\/ruud-borst.nl\/de\/\"},{\"@type\":\"ListItem\",\"position\":2,\"name\":\"ARBEITEN BEI RUUD BORST TRANSPORT\"}]},{\"@type\":\"WebSite\",\"@id\":\"https:\/\/ruud-borst.nl\/nl\/#website\",\"url\":\"https:\/\/ruud-borst.nl\/nl\/\",\"name\":\"Ruud Borst Transport\",\"description\":\"De schakel die u nodig heeft\",\"potentialAction\":[{\"@type\":\"SearchAction\",\"target\":{\"@type\":\"EntryPoint\",\"urlTemplate\":\"https:\/\/ruud-borst.nl\/nl\/?s={search_term_string}\"},\"query-input\":{\"@type\":\"PropertyValueSpecification\",\"valueRequired\":true,\"valueName\":\"search_term_string\"}}],\"inLanguage\":\"de\"}]}<\/script>\n<!-- \/ Yoast SEO plugin. -->","yoast_head_json":{"title":"ARBEITEN BEI RUUD BORST TRANSPORT - Ruud Borst Transport","robots":{"index":"index","follow":"follow","max-snippet":"max-snippet:-1","max-image-preview":"max-image-preview:large","max-video-preview":"max-video-preview:-1"},"canonical":"https:\/\/ruud-borst.nl\/de\/arbeiten-bei-ruud-borst-transport\/","og_locale":"de_DE","og_type":"article","og_title":"ARBEITEN BEI RUUD BORST TRANSPORT - Ruud Borst Transport","og_description":"ARBEITEN BEI RUUD BORST TRANSPORT VERST\u00c4RKEN SIE UNSER TEAM?Derzeit haben wir keine offenen Stellen. M\u00f6chtest du dennoch eine Initiativbewerbung senden? Dann schicke sie bitte an: chiel@ruud-borst.nlLagerarbeiter Suchst du einen coolen Nebenjob? Wir suchen nachmittags und abends Verst\u00e4rkung f\u00fcr unser Lager! rbeiten Sie gerne in einem tollen Umfeld und m\u00f6gen Sie Herausforderungen? Dann senden Sie uns [&hellip;]","og_url":"https:\/\/ruud-borst.nl\/de\/arbeiten-bei-ruud-borst-transport\/","og_site_name":"Ruud Borst Transport","article_modified_time":"2025-03-12T13:14:50+00:00","twitter_card":"summary_large_image","twitter_misc":{"Gesch\u00e4tzte Lesezeit":"9\u00a0Minuten"},"schema":{"@context":"https:\/\/schema.org","@graph":[{"@type":"WebPage","@id":"https:\/\/ruud-borst.nl\/de\/arbeiten-bei-ruud-borst-transport\/","url":"https:\/\/ruud-borst.nl\/de\/arbeiten-bei-ruud-borst-transport\/","name":"ARBEITEN BEI RUUD BORST TRANSPORT - Ruud Borst Transport","isPartOf":{"@id":"https:\/\/ruud-borst.nl\/nl\/#website"},"datePublished":"2021-10-04T10:00:05+00:00","dateModified":"2025-03-12T13:14:50+00:00","breadcrumb":{"@id":"https:\/\/ruud-borst.nl\/de\/arbeiten-bei-ruud-borst-transport\/#breadcrumb"},"inLanguage":"de","potentialAction":[{"@type":"ReadAction","target":["https:\/\/ruud-borst.nl\/de\/arbeiten-bei-ruud-borst-transport\/"]}]},{"@type":"BreadcrumbList","@id":"https:\/\/ruud-borst.nl\/de\/arbeiten-bei-ruud-borst-transport\/#breadcrumb","itemListElement":[{"@type":"ListItem","position":1,"name":"Home","item":"https:\/\/ruud-borst.nl\/de\/"},{"@type":"ListItem","position":2,"name":"ARBEITEN BEI RUUD BORST TRANSPORT"}]},{"@type":"WebSite","@id":"https:\/\/ruud-borst.nl\/nl\/#website","url":"https:\/\/ruud-borst.nl\/nl\/","name":"Ruud Borst Transport","description":"De schakel die u nodig heeft","potentialAction":[{"@type":"SearchAction","target":{"@type":"EntryPoint","urlTemplate":"https:\/\/ruud-borst.nl\/nl\/?s={search_term_string}"},"query-input":{"@type":"PropertyValueSpecification","valueRequired":true,"valueName":"search_term_string"}}],"inLanguage":"de"}]}},"_links":{"self":[{"href":"https:\/\/ruud-borst.nl\/de\/wp-json\/wp\/v2\/pages\/1317","targetHints":{"allow":["GET"]}}],"collection":[{"href":"https:\/\/ruud-borst.nl\/de\/wp-json\/wp\/v2\/pages"}],"about":[{"href":"https:\/\/ruud-borst.nl\/de\/wp-json\/wp\/v2\/types\/page"}],"author":[{"embeddable":true,"href":"https:\/\/ruud-borst.nl\/de\/wp-json\/wp\/v2\/users\/2"}],"replies":[{"embeddable":true,"href":"https:\/\/ruud-borst.nl\/de\/wp-json\/wp\/v2\/comments?post=1317"}],"version-history":[{"count":2,"href":"https:\/\/ruud-borst.nl\/de\/wp-json\/wp\/v2\/pages\/1317\/revisions"}],"predecessor-version":[{"id":1581,"href":"https:\/\/ruud-borst.nl\/de\/wp-json\/wp\/v2\/pages\/1317\/revisions\/1581"}],"wp:attachment":[{"href":"https:\/\/ruud-borst.nl\/de\/wp-json\/wp\/v2\/media?parent=1317"}],"curies":[{"name":"wp","href":"https:\/\/api.w.org\/{rel}","templated":true}]}}