{"id":1287,"date":"2021-10-04T09:07:13","date_gmt":"2021-10-04T09:07:13","guid":{"rendered":"https:\/\/ruud-borst.nl\/ueber-uns\/"},"modified":"2021-10-05T10:08:27","modified_gmt":"2021-10-05T10:08:27","slug":"ueber-uns","status":"publish","type":"page","link":"https:\/\/ruud-borst.nl\/de\/ueber-uns\/","title":{"rendered":"\u00dcber uns"},"content":{"rendered":"<p>[et_pb_section fb_built=&#8220;1&#8243; _builder_version=&#8220;4.9.0&#8243; _module_preset=&#8220;default&#8220; background_color=&#8220;#143053&#8243; background_enable_image=&#8220;off&#8220; background_position=&#8220;top_center&#8220; background_blend=&#8220;multiply&#8220; custom_padding=&#8220;93px||50px||false|&#8220; bottom_divider_flip=&#8220;horizontal&#8220; bottom_divider_height_tablet=&#8220;&#8220; bottom_divider_height_phone=&#8220;40px&#8220; bottom_divider_height_last_edited=&#8220;on|phone&#8220; box_shadow_style=&#8220;preset1&#8243; box_shadow_vertical=&#8220;80px&#8220; box_shadow_blur=&#8220;80px&#8220; box_shadow_spread=&#8220;80px&#8220; box_shadow_color=&#8220;RGBA(0,0,0,0)&#8220;][et_pb_row column_structure=&#8220;1_2,1_2&#8243; _builder_version=&#8220;4.9.0&#8243; _module_preset=&#8220;default&#8220;][et_pb_column type=&#8220;1_2&#8243; _builder_version=&#8220;4.9.0&#8243; _module_preset=&#8220;default&#8220;][et_pb_text _builder_version=&#8220;4.9.0&#8243; _module_preset=&#8220;default&#8220; text_text_color=&#8220;#FFFFFF&#8220; text_font_size=&#8220;12px&#8220; header_text_color=&#8220;#FFFFFF&#8220; header_font_size=&#8220;70px&#8220; width=&#8220;100%&#8220; custom_margin=&#8220;||||false|false&#8220; custom_margin_phone=&#8220;85px||||false|false&#8220; custom_margin_last_edited=&#8220;off|desktop&#8220; custom_padding=&#8220;||||false|false&#8220; header_font_size_tablet=&#8220;60px&#8220; header_font_size_phone=&#8220;50px&#8220; header_font_size_last_edited=&#8220;on|phone&#8220; locked=&#8220;off&#8220;]<\/p>\n<h1 style=\"text-align: left;\"><em>\u00dcber uns<\/em><\/h1>\n<p>[\/et_pb_text][et_pb_text _builder_version=&#8220;4.9.0&#8243; _module_preset=&#8220;default&#8220; text_font=&#8220;Rubik|300|||||||&#8220; text_text_color=&#8220;#FFFFFF&#8220; text_font_size=&#8220;17px&#8220; text_letter_spacing=&#8220;0.5px&#8220; text_line_height=&#8220;1.4em&#8220; header_text_color=&#8220;#FFFFFF&#8220; width=&#8220;100%&#8220; width_tablet=&#8220;100%&#8220; width_phone=&#8220;&#8220; width_last_edited=&#8220;on|phone&#8220; custom_margin=&#8220;-30px||||false|false&#8220; custom_padding=&#8220;|0px||0px||&#8220; locked=&#8220;off&#8220;]<\/p>\n<p style=\"text-align: left;\"><strong>Seit 1986 steht Ruud Borst Transport als Familienunternehmen f\u00fcr Zuverl\u00e4ssigkeit, Flexibilit\u00e4t und Ehrlichkeit.<\/strong><\/p>\n<p>[\/et_pb_text][\/et_pb_column][et_pb_column type=&#8220;1_2&#8243; _builder_version=&#8220;4.9.0&#8243; _module_preset=&#8220;default&#8220;][\/et_pb_column][\/et_pb_row][\/et_pb_section][et_pb_section fb_built=&#8220;1&#8243; prev_background_color=&#8220;#143053&#8243; _builder_version=&#8220;4.9.0&#8243; _module_preset=&#8220;default&#8220; background_enable_color=&#8220;off&#8220; background_enable_image=&#8220;off&#8220; background_position=&#8220;top_center&#8220; background_blend=&#8220;multiply&#8220; custom_padding=&#8220;0px||0px||false|&#8220; top_divider_style=&#8220;slant&#8220; top_divider_flip=&#8220;horizontal&#8220; bottom_divider_flip=&#8220;horizontal&#8220; bottom_divider_height_tablet=&#8220;&#8220; bottom_divider_height_phone=&#8220;40px&#8220; bottom_divider_height_last_edited=&#8220;on|phone&#8220; box_shadow_style=&#8220;preset1&#8243; box_shadow_vertical=&#8220;80px&#8220; box_shadow_blur=&#8220;80px&#8220; box_shadow_spread=&#8220;80px&#8220; box_shadow_color=&#8220;RGBA(0,0,0,0)&#8220;][et_pb_row _builder_version=&#8220;4.9.0&#8243; _module_preset=&#8220;default&#8220; custom_margin=&#8220;||||false|false&#8220; custom_padding=&#8220;1px||0px||false|false&#8220; box_shadow_style=&#8220;preset3&#8243; box_shadow_vertical=&#8220;22px&#8220; box_shadow_blur=&#8220;33px&#8220;][et_pb_column type=&#8220;4_4&#8243; _builder_version=&#8220;4.9.0&#8243; _module_preset=&#8220;default&#8220;][et_pb_image src=&#8220;https:\/\/ruud-borst.nl\/wp-content\/uploads\/2021\/06\/RuudBorst_header_familiebedrijf.jpg&#8220; title_text=&#8220;RuudBorst_header_Familienunternehmen&#8220; _builder_version=&#8220;4.9.0&#8243; _module_preset=&#8220;default&#8220; custom_margin=&#8220;||||false|false&#8220; custom_padding=&#8220;0px|||||&#8220; box_shadow_style=&#8220;preset3&#8243; box_shadow_vertical=&#8220;15px&#8220; box_shadow_blur=&#8220;34px&#8220;][\/et_pb_image][\/et_pb_column][\/et_pb_row][\/et_pb_section][et_pb_section fb_built=&#8220;1&#8243; _builder_version=&#8220;4.9.0&#8243; _module_preset=&#8220;default&#8220; background_color=&#8220;RGBA(0,0,0,0)&#8220; positioning=&#8220;fixed&#8220; position_origin_f=&#8220;center_right&#8220; vertical_offset=&#8220;0px&#8220; z_index=&#8220;500&#8243; vertical_offset_tablet=&#8220;&#8220; vertical_offset_phone=&#8220;40px&#8220; vertical_offset_last_edited=&#8220;on|phone&#8220; horizontal_offset_phone=&#8220;0px&#8220; horizontal_offset_last_edited=&#8220;off|desktop&#8220; position_origin_a_last_edited=&#8220;off|desktop&#8220; position_origin_f_phone=&#8220;top_right&#8220; position_origin_f_last_edited=&#8220;off|desktop&#8220; position_origin_r_last_edited=&#8220;off|desktop&#8220; custom_padding=&#8220;||||false|false&#8220; hover_enabled=&#8220;0&#8243; positioning_last_edited=&#8220;off|desktop&#8220; locked=&#8220;off&#8220; width=&#8220;250px&#8220; sticky_enabled=&#8220;0&#8243;][et_pb_row _builder_version=&#8220;4.9.0&#8243; _module_preset=&#8220;default&#8220; module_alignment=&#8220;right&#8220; custom_padding=&#8220;1px||3px|||&#8220;][et_pb_column type=&#8220;4_4&#8243; _builder_version=&#8220;4.9.0&#8243; _module_preset=&#8220;default&#8220;][et_pb_blurb url=&#8220;tel:+31348552153&#8243; use_icon=&#8220;on&#8220; font_icon=&#8220;%%264%%&#8220; icon_color=&#8220;#FFFFFF&#8220; icon_placement=&#8220;left&#8220; content_max_width=&#8220;1100px&#8220; use_icon_font_size=&#8220;on&#8220; icon_font_size=&#8220;23px&#8220; _builder_version=&#8220;4.9.0&#8243; _module_preset=&#8220;default&#8220; body_font=&#8220;Rubik||||||||&#8220; body_text_color=&#8220;#FFFFFF&#8220; background_color=&#8220;#07488f&#8220; transform_translate=&#8220;145px|0px&#8220; transform_translate_linked=&#8220;off&#8220; transform_translate_linked__hover=&#8220;off&#8220; max_width=&#8220;200px&#8220; module_alignment=&#8220;right&#8220; custom_padding=&#8220;15px|15px|15px|15px|true|true&#8220; hover_enabled=&#8220;0&#8243; box_shadow_style=&#8220;preset2&#8243; box_shadow_horizontal=&#8220;-5px&#8220; box_shadow_vertical=&#8220;5px&#8220; box_shadow_blur=&#8220;12px&#8220; content__hover_enabled=&#8220;on|hover&#8220; content__hover=&#8220;<\/p>\n<p>RUFEN SIE UNS DIREKT AN<\/p>\n<p>&#8220; width__hover_enabled=&#8220;off|hover&#8220; transform_styles__hover_enabled=&#8220;on|hover&#8220; transform_scale__hover_enabled=&#8220;on|desktop&#8220; transform_translate__hover_enabled=&#8220;on|hover&#8220; transform_rotate__hover_enabled=&#8220;on|hover&#8220; transform_skew__hover_enabled=&#8220;on|hover&#8220; transform_origin__hover_enabled=&#8220;on|hover&#8220; transform_translate__hover=&#8220;0px|0px&#8220; max_width__hover_enabled=&#8220;off|hover&#8220; max_width__hover=&#8220;160px&#8220; sticky_enabled=&#8220;0&#8243; body_font_size=&#8220;12px&#8220;][\/et_pb_blurb][\/et_pb_column][\/et_pb_row][et_pb_row _builder_version=&#8220;4.9.0&#8243; _module_preset=&#8220;default&#8220; module_alignment=&#8220;right&#8220; custom_padding=&#8220;1px||3px|||&#8220;][et_pb_column type=&#8220;4_4&#8243; _builder_version=&#8220;4.9.0&#8243; _module_preset=&#8220;default&#8220;][et_pb_blurb url=&#8220;mailto:planning@ruud-borst.nl&#8220; use_icon=&#8220;on&#8220; font_icon=&#8220;%%238%%&#8220; icon_color=&#8220;#FFFFFF&#8220; icon_placement=&#8220;left&#8220; content_max_width=&#8220;1110px&#8220; use_icon_font_size=&#8220;on&#8220; icon_font_size=&#8220;23px&#8220; _builder_version=&#8220;4.9.0&#8243; _module_preset=&#8220;default&#8220; body_font=&#8220;Rubik||||||||&#8220; body_text_color=&#8220;#FFFFFF&#8220; background_color=&#8220;#07488f&#8220; transform_translate=&#8220;145px|0px&#8220; transform_translate_linked=&#8220;off&#8220; transform_translate_linked__hover=&#8220;off&#8220; max_width=&#8220;200px&#8220; module_alignment=&#8220;right&#8220; custom_padding=&#8220;15px|15px|15px|15px|true|true&#8220; hover_enabled=&#8220;0&#8243; box_shadow_style=&#8220;preset2&#8243; box_shadow_horizontal=&#8220;-5px&#8220; box_shadow_vertical=&#8220;5px&#8220; box_shadow_blur=&#8220;12px&#8220; content__hover_enabled=&#8220;on|hover&#8220; content__hover=&#8220;<\/p>\n<p class=%22p1%22>SENDEN SIE UNS EINE EMAIL<\/p>\n<p>&#8220; width__hover_enabled=&#8220;off|hover&#8220; transform_styles__hover_enabled=&#8220;on|hover&#8220; transform_scale__hover_enabled=&#8220;on|hover&#8220; transform_translate__hover_enabled=&#8220;on|desktop&#8220; transform_rotate__hover_enabled=&#8220;on|hover&#8220; transform_skew__hover_enabled=&#8220;on|hover&#8220; transform_origin__hover_enabled=&#8220;on|hover&#8220; transform_translate__hover=&#8220;0px|0px&#8220; sticky_enabled=&#8220;0&#8243; body_font_size=&#8220;12px&#8220;][\/et_pb_blurb][\/et_pb_column][\/et_pb_row][\/et_pb_section][et_pb_section fb_built=&#8220;1&#8243; _builder_version=&#8220;4.9.0&#8243; _module_preset=&#8220;default&#8220;][et_pb_row column_structure=&#8220;1_2,1_2&#8243; _builder_version=&#8220;4.9.0&#8243; _module_preset=&#8220;default&#8220; custom_margin=&#8220;||||false|false&#8220; custom_padding=&#8220;50px||50px||true|false&#8220;][et_pb_column type=&#8220;1_2&#8243; _builder_version=&#8220;4.9.0&#8243; _module_preset=&#8220;default&#8220; custom_padding=&#8220;|5%||5%|false|true&#8220;][et_pb_text content_phone=&#8220;<\/p>\n<h3><span style=%22color: #ffffff;%22><i>EIN ZUVERL\u00c4SSIGER PARTNER ZU SEIN, DAS IST UNSER AUSGANGSPUNKT!<\/i><\/span><\/h3>\n<p>&#8220; content_last_edited=&#8220;off|tablet&#8220; _builder_version=&#8220;4.9.0&#8243; _module_preset=&#8220;default&#8220; text_text_color=&#8220;#143053&#8243; header_text_color=&#8220;#143053&#8243; header_2_text_color=&#8220;#FFFFFF&#8220; width=&#8220;100%&#8220; custom_margin=&#8220;-1px|||||&#8220; custom_padding=&#8220;|0px||0px||&#8220; custom_padding_tablet=&#8220;|0px||0px|false|false&#8220; custom_padding_phone=&#8220;&#8220; custom_padding_last_edited=&#8220;on|phone&#8220; locked=&#8220;off&#8220;]<\/p>\n<h2><span style=\"color: #143053;\"><i>EIN ZUVERL\u00c4SSIGER PARTNER ZU SEIN,<br \/>DAS IST UNSER AUSGANGSPUNKT!<\/i><\/span><\/h2>\n<p>[\/et_pb_text][et_pb_text _builder_version=&#8220;4.9.0&#8243; _module_preset=&#8220;default&#8220; text_font=&#8220;Rubik|300|||||||&#8220; text_text_color=&#8220;#143053&#8243; text_font_size=&#8220;17px&#8220; text_letter_spacing=&#8220;0.5px&#8220; text_line_height=&#8220;1.4em&#8220; header_text_color=&#8220;#FFFFFF&#8220; width=&#8220;100%&#8220; width_tablet=&#8220;100%&#8220; width_phone=&#8220;&#8220; width_last_edited=&#8220;on|phone&#8220; custom_margin=&#8220;-30px||||false|false&#8220; custom_padding=&#8220;|0px||0px||&#8220; locked=&#8220;off&#8220;]<\/p>\n<p>Wir m\u00f6chten, dass jeder Kunde wiederkommt. Daf\u00fcr geben wir unser Allerbestes. Um diese Beziehung aufrechtzuerhalten, streben wir jeden Tag nach dem besten Service und der besten Qualit\u00e4t und setzen uns f\u00fcr eine ehrliche, offene Kommunikation ein. \u201eWir tun, was wir sagen\u201c ist nicht ohne Grund unser Motto.<\/p>\n<p>[\/et_pb_text][et_pb_divider color=&#8220;#143053&#8243; _builder_version=&#8220;4.9.0&#8243; _module_preset=&#8220;default&#8220; animation_style=&#8220;slide&#8220; animation_direction=&#8220;right&#8220;][\/et_pb_divider][et_pb_text content_phone=&#8220;<\/p>\n<h3><span style=%22color: #ffffff;%22><i>VERTRAUT MIT DEM EUROP\u00c4ISCHEN TRANSPORT<\/i><\/span><\/h3>\n<p>&#8220; content_last_edited=&#8220;off|tablet&#8220; _builder_version=&#8220;4.9.0&#8243; _module_preset=&#8220;default&#8220; header_2_text_color=&#8220;#143053&#8243; width=&#8220;100%&#8220; custom_margin=&#8220;40px|||||&#8220; custom_padding=&#8220;|0px||0px||&#8220; custom_padding_tablet=&#8220;|0px||0px|false|false&#8220; custom_padding_phone=&#8220;&#8220; custom_padding_last_edited=&#8220;on|phone&#8220; locked=&#8220;off&#8220;]<\/p>\n<h2><i>VERTRAUT MIT DEM EUROP\u00c4ISCHEN TRANSPORT<\/i><\/h2>\n<p>[\/et_pb_text][et_pb_text _builder_version=&#8220;4.9.0&#8243; _module_preset=&#8220;default&#8220; text_font=&#8220;Rubik|300|||||||&#8220; text_text_color=&#8220;#143053&#8243; text_font_size=&#8220;17px&#8220; text_letter_spacing=&#8220;0.5px&#8220; text_line_height=&#8220;1.4em&#8220; header_text_color=&#8220;#FFFFFF&#8220; width=&#8220;100%&#8220; width_tablet=&#8220;100%&#8220; width_phone=&#8220;&#8220; width_last_edited=&#8220;on|phone&#8220; custom_margin=&#8220;-30px||||false|false&#8220; custom_padding=&#8220;|0px||0px||&#8220; locked=&#8220;off&#8220;]<\/p>\n<p>Der Transport funktioniert \u00fcberall etwas anders. Unsere Import- und Exportspezialisten sind mit den Transportvorschriften und -gesetzen im In- und Ausland vertraut. Um unsere Vereinbarungen einzuhalten, stellen wir sicher, dass wir immer auf dem neuesten Stand der europ\u00e4ischen Gesetzgebung f\u00fcr Transportdienstleistungen sind. Bei Bedarf arbeiten wir mit zuverl\u00e4ssigen Transportpartnern zusammen.<\/p>\n<p>[\/et_pb_text][et_pb_divider color=&#8220;#143053&#8243; disabled_on=&#8220;off|off|on&#8220; _builder_version=&#8220;4.9.0&#8243; _module_preset=&#8220;default&#8220; animation_style=&#8220;slide&#8220; animation_direction=&#8220;right&#8220;][\/et_pb_divider][\/et_pb_column][et_pb_column type=&#8220;1_2&#8243; _builder_version=&#8220;4.9.0&#8243; _module_preset=&#8220;default&#8220; custom_padding=&#8220;|5%||5%|false|true&#8220;][et_pb_text content_phone=&#8220;<\/p>\n<h3><span style=%22color: #ffffff;%22><i>WAS F\u00dcR UNS WICHTIG IST&#8230; GILT AUCH F\u00dcR SIE!<\/i><\/span><\/h3>\n<p>&#8220; content_last_edited=&#8220;off|tablet&#8220; _builder_version=&#8220;4.9.0&#8243; _module_preset=&#8220;default&#8220; header_2_text_color=&#8220;#FFFFFF&#8220; width=&#8220;100%&#8220; custom_margin=&#8220;-5px|||||&#8220; custom_padding=&#8220;|0px||0px||&#8220; custom_padding_tablet=&#8220;|0px||0px|false|false&#8220; custom_padding_phone=&#8220;&#8220; custom_padding_last_edited=&#8220;on|phone&#8220; locked=&#8220;off&#8220;]<\/p>\n<h2><span style=\"color: #143053;\"><i>WAS F\u00dcR UNS<br \/>WICHTIG IST&#8230; <br \/>GILT AUCH F\u00dcR SIE!<\/i><\/span><\/h2>\n<p>[\/et_pb_text][et_pb_text _builder_version=&#8220;4.9.0&#8243; _module_preset=&#8220;default&#8220; text_font=&#8220;Rubik|300|||||||&#8220; text_text_color=&#8220;#FFFFFF&#8220; text_font_size=&#8220;17px&#8220; text_letter_spacing=&#8220;0.5px&#8220; text_line_height=&#8220;1.4em&#8220; header_text_color=&#8220;#FFFFFF&#8220; width=&#8220;100%&#8220; width_tablet=&#8220;100%&#8220; width_phone=&#8220;&#8220; width_last_edited=&#8220;on|phone&#8220; custom_margin=&#8220;-30px||||false|false&#8220; custom_padding=&#8220;|0px||0px||&#8220; locked=&#8220;off&#8220;]<\/p>\n<p><span style=\"color: #143053;\">Dabei denken wir an Erscheinungsbild und Haltung. Wir erleben, dass ein gepflegtes Erscheinungsbild sowie ein gepflegter Fuhrpark f\u00fcr unsere Kunden genauso wichtig sind wie f\u00fcr uns. Bei Ruud Borst Transport sind Zuverl\u00e4ssigkeit, Flexibilit\u00e4t und Ehrlichkeit von gr\u00f6\u00dfter Bedeutung.<\/span><\/p>\n<p>[\/et_pb_text][et_pb_button button_url=&#8220;@ET-DC@eyJkeW5hbWljIjp0cnVlLCJjb250ZW50IjoicG9zdF9saW5rX3VybF9wYWdlIiwic2V0dGluZ3MiOnsicG9zdF9pZCI6IjEyOTUifX0=@&#8220; button_text=&#8220;ERFAHREN SIE MEHR \u00dcBER UNSERE DIENSTLEISTUNGEN&#8220; button_alignment=&#8220;left&#8220; _builder_version=&#8220;4.9.0&#8243; _module_preset=&#8220;default&#8220; custom_button=&#8220;on&#8220; button_text_size=&#8220;15px&#8220; button_text_color=&#8220;#FFFFFF&#8220; button_bg_color=&#8220;#07488f&#8220; button_border_width=&#8220;0px&#8220; button_border_color=&#8220;#2e64ae&#8220; button_border_radius=&#8220;0px&#8220; button_font=&#8220;Rubik|500|||||||&#8220; button_icon=&#8220;%%20%%&#8220; z_index=&#8220;500&#8243; custom_margin=&#8220;||||false|false&#8220; custom_padding=&#8220;12px||12px||true|false&#8220; animation_style=&#8220;zoom&#8220; hover_enabled=&#8220;0&#8243; box_shadow_style=&#8220;preset3&#8243; locked=&#8220;off&#8220; button_bg_color__hover_enabled=&#8220;on|hover&#8220; button_bg_color__hover=&#8220;#06aae0&#8243; button_bg_enable_color__hover=&#8220;on&#8220; _dynamic_attributes=&#8220;button_url&#8220; sticky_enabled=&#8220;0&#8243;][\/et_pb_button][\/et_pb_column][\/et_pb_row][\/et_pb_section][et_pb_section fb_built=&#8220;1&#8243; prev_background_color=&#8220;#ffffff&#8220; _builder_version=&#8220;4.9.0&#8243; _module_preset=&#8220;default&#8220; background_image=&#8220;https:\/\/ruud-borst.nl\/wp-content\/uploads\/2021\/06\/RuudBorst_header_algemeen.jpg&#8220; parallax=&#8220;on&#8220; min_height=&#8220;668px&#8220; custom_padding=&#8220;150px||150px||true|&#8220; top_divider_style=&#8220;slant&#8220; top_divider_flip=&#8220;horizontal&#8220; bottom_divider_style=&#8220;slant&#8220; bottom_divider_color=&#8220;#143053&#8243;][et_pb_row _builder_version=&#8220;4.9.0&#8243; _module_preset=&#8220;default&#8220; custom_padding=&#8220;85px||85px||true|&#8220; locked=&#8220;off&#8220;][et_pb_column type=&#8220;4_4&#8243; _builder_version=&#8220;4.9.0&#8243; _module_preset=&#8220;default&#8220;][et_pb_text _builder_version=&#8220;4.9.0&#8243; _module_preset=&#8220;default&#8220; text_text_color=&#8220;#FFFFFF&#8220; text_font_size=&#8220;12px&#8220; header_text_color=&#8220;#FFFFFF&#8220; header_font_size=&#8220;70px&#8220; width=&#8220;100%&#8220; custom_margin=&#8220;||23px|||&#8220; custom_padding=&#8220;0px|0px||0px|false|false&#8220; header_font_size_tablet=&#8220;60px&#8220; header_font_size_phone=&#8220;45px&#8220; header_font_size_last_edited=&#8220;on|phone&#8220; header_text_shadow_style=&#8220;preset3&#8243; locked=&#8220;off&#8220;]<\/p>\n<h1 style=\"text-align: right;\"><i>AUCH BEI <br \/> RUUD BORST TRANSPORT<br \/> ARBEITEN?<\/i><\/h1>\n<p>[\/et_pb_text][et_pb_button button_url=&#8220;@ET-DC@eyJkeW5hbWljIjp0cnVlLCJjb250ZW50IjoicG9zdF9saW5rX3VybF9wYWdlIiwic2V0dGluZ3MiOnsicG9zdF9pZCI6IjEzMTcifX0=@&#8220; button_text=&#8220;STELLENANGEBOTE ANZEIGEN&#8220; button_alignment=&#8220;right&#8220; _builder_version=&#8220;4.9.0&#8243; _module_preset=&#8220;default&#8220; custom_button=&#8220;on&#8220; button_text_size=&#8220;15px&#8220; button_text_color=&#8220;#FFFFFF&#8220; button_bg_color=&#8220;#07488f&#8220; button_border_width=&#8220;0px&#8220; button_border_color=&#8220;#2e64ae&#8220; button_border_radius=&#8220;0px&#8220; button_font=&#8220;Rubik|500|||||||&#8220; button_icon=&#8220;%%20%%&#8220; z_index=&#8220;500&#8243; custom_margin=&#8220;||||false|false&#8220; custom_padding=&#8220;12px||12px||true|false&#8220; animation_style=&#8220;zoom&#8220; hover_enabled=&#8220;0&#8243; box_shadow_style=&#8220;preset3&#8243; locked=&#8220;off&#8220; button_bg_color__hover_enabled=&#8220;on|hover&#8220; button_bg_color__hover=&#8220;#06aae0&#8243; button_bg_enable_color__hover=&#8220;on&#8220; _dynamic_attributes=&#8220;button_url&#8220; sticky_enabled=&#8220;0&#8243;][\/et_pb_button][\/et_pb_column][\/et_pb_row][\/et_pb_section]<\/p>\n","protected":false},"excerpt":{"rendered":"<p>\u00dcber unsSeit 1986 steht Ruud Borst Transport als Familienunternehmen f\u00fcr Zuverl\u00e4ssigkeit, Flexibilit\u00e4t und Ehrlichkeit.EIN ZUVERL\u00c4SSIGER PARTNER ZU SEIN,DAS IST UNSER AUSGANGSPUNKT!Wir m\u00f6chten, dass jeder Kunde wiederkommt. Daf\u00fcr geben wir unser Allerbestes. Um diese Beziehung aufrechtzuerhalten, streben wir jeden Tag nach dem besten Service und der besten Qualit\u00e4t und setzen uns f\u00fcr eine ehrliche, offene Kommunikation [&hellip;]<\/p>\n","protected":false},"author":2,"featured_media":0,"parent":0,"menu_order":0,"comment_status":"closed","ping_status":"closed","template":"","meta":{"_et_pb_use_builder":"on","_et_pb_old_content":"","_et_gb_content_width":"","footnotes":""},"class_list":["post-1287","page","type-page","status-publish","hentry"],"yoast_head":"<!-- This site is optimized with the Yoast SEO plugin v25.9 - https:\/\/yoast.com\/wordpress\/plugins\/seo\/ -->\n<title>\u00dcber uns - Ruud Borst Transport<\/title>\n<meta name=\"robots\" content=\"index, follow, max-snippet:-1, max-image-preview:large, max-video-preview:-1\" \/>\n<link rel=\"canonical\" href=\"https:\/\/ruud-borst.nl\/de\/ueber-uns\/\" \/>\n<meta property=\"og:locale\" content=\"de_DE\" \/>\n<meta property=\"og:type\" content=\"article\" \/>\n<meta property=\"og:title\" content=\"\u00dcber uns - Ruud Borst Transport\" \/>\n<meta property=\"og:description\" content=\"\u00dcber unsSeit 1986 steht Ruud Borst Transport als Familienunternehmen f\u00fcr Zuverl\u00e4ssigkeit, Flexibilit\u00e4t und Ehrlichkeit.EIN ZUVERL\u00c4SSIGER PARTNER ZU SEIN,DAS IST UNSER AUSGANGSPUNKT!Wir m\u00f6chten, dass jeder Kunde wiederkommt. Daf\u00fcr geben wir unser Allerbestes. Um diese Beziehung aufrechtzuerhalten, streben wir jeden Tag nach dem besten Service und der besten Qualit\u00e4t und setzen uns f\u00fcr eine ehrliche, offene Kommunikation [&hellip;]\" \/>\n<meta property=\"og:url\" content=\"https:\/\/ruud-borst.nl\/de\/ueber-uns\/\" \/>\n<meta property=\"og:site_name\" content=\"Ruud Borst Transport\" \/>\n<meta property=\"article:modified_time\" content=\"2021-10-05T10:08:27+00:00\" \/>\n<meta name=\"twitter:card\" content=\"summary_large_image\" \/>\n<meta name=\"twitter:label1\" content=\"Gesch\u00e4tzte Lesezeit\" \/>\n\t<meta name=\"twitter:data1\" content=\"10\u00a0Minuten\" \/>\n<script type=\"application\/ld+json\" class=\"yoast-schema-graph\">{\"@context\":\"https:\/\/schema.org\",\"@graph\":[{\"@type\":\"WebPage\",\"@id\":\"https:\/\/ruud-borst.nl\/de\/ueber-uns\/\",\"url\":\"https:\/\/ruud-borst.nl\/de\/ueber-uns\/\",\"name\":\"\u00dcber uns - Ruud Borst Transport\",\"isPartOf\":{\"@id\":\"https:\/\/ruud-borst.nl\/nl\/#website\"},\"datePublished\":\"2021-10-04T09:07:13+00:00\",\"dateModified\":\"2021-10-05T10:08:27+00:00\",\"breadcrumb\":{\"@id\":\"https:\/\/ruud-borst.nl\/de\/ueber-uns\/#breadcrumb\"},\"inLanguage\":\"de\",\"potentialAction\":[{\"@type\":\"ReadAction\",\"target\":[\"https:\/\/ruud-borst.nl\/de\/ueber-uns\/\"]}]},{\"@type\":\"BreadcrumbList\",\"@id\":\"https:\/\/ruud-borst.nl\/de\/ueber-uns\/#breadcrumb\",\"itemListElement\":[{\"@type\":\"ListItem\",\"position\":1,\"name\":\"Home\",\"item\":\"https:\/\/ruud-borst.nl\/de\/\"},{\"@type\":\"ListItem\",\"position\":2,\"name\":\"\u00dcber uns\"}]},{\"@type\":\"WebSite\",\"@id\":\"https:\/\/ruud-borst.nl\/nl\/#website\",\"url\":\"https:\/\/ruud-borst.nl\/nl\/\",\"name\":\"Ruud Borst Transport\",\"description\":\"De schakel die u nodig heeft\",\"potentialAction\":[{\"@type\":\"SearchAction\",\"target\":{\"@type\":\"EntryPoint\",\"urlTemplate\":\"https:\/\/ruud-borst.nl\/nl\/?s={search_term_string}\"},\"query-input\":{\"@type\":\"PropertyValueSpecification\",\"valueRequired\":true,\"valueName\":\"search_term_string\"}}],\"inLanguage\":\"de\"}]}<\/script>\n<!-- \/ Yoast SEO plugin. -->","yoast_head_json":{"title":"\u00dcber uns - Ruud Borst Transport","robots":{"index":"index","follow":"follow","max-snippet":"max-snippet:-1","max-image-preview":"max-image-preview:large","max-video-preview":"max-video-preview:-1"},"canonical":"https:\/\/ruud-borst.nl\/de\/ueber-uns\/","og_locale":"de_DE","og_type":"article","og_title":"\u00dcber uns - Ruud Borst Transport","og_description":"\u00dcber unsSeit 1986 steht Ruud Borst Transport als Familienunternehmen f\u00fcr Zuverl\u00e4ssigkeit, Flexibilit\u00e4t und Ehrlichkeit.EIN ZUVERL\u00c4SSIGER PARTNER ZU SEIN,DAS IST UNSER AUSGANGSPUNKT!Wir m\u00f6chten, dass jeder Kunde wiederkommt. Daf\u00fcr geben wir unser Allerbestes. Um diese Beziehung aufrechtzuerhalten, streben wir jeden Tag nach dem besten Service und der besten Qualit\u00e4t und setzen uns f\u00fcr eine ehrliche, offene Kommunikation [&hellip;]","og_url":"https:\/\/ruud-borst.nl\/de\/ueber-uns\/","og_site_name":"Ruud Borst Transport","article_modified_time":"2021-10-05T10:08:27+00:00","twitter_card":"summary_large_image","twitter_misc":{"Gesch\u00e4tzte Lesezeit":"10\u00a0Minuten"},"schema":{"@context":"https:\/\/schema.org","@graph":[{"@type":"WebPage","@id":"https:\/\/ruud-borst.nl\/de\/ueber-uns\/","url":"https:\/\/ruud-borst.nl\/de\/ueber-uns\/","name":"\u00dcber uns - Ruud Borst Transport","isPartOf":{"@id":"https:\/\/ruud-borst.nl\/nl\/#website"},"datePublished":"2021-10-04T09:07:13+00:00","dateModified":"2021-10-05T10:08:27+00:00","breadcrumb":{"@id":"https:\/\/ruud-borst.nl\/de\/ueber-uns\/#breadcrumb"},"inLanguage":"de","potentialAction":[{"@type":"ReadAction","target":["https:\/\/ruud-borst.nl\/de\/ueber-uns\/"]}]},{"@type":"BreadcrumbList","@id":"https:\/\/ruud-borst.nl\/de\/ueber-uns\/#breadcrumb","itemListElement":[{"@type":"ListItem","position":1,"name":"Home","item":"https:\/\/ruud-borst.nl\/de\/"},{"@type":"ListItem","position":2,"name":"\u00dcber uns"}]},{"@type":"WebSite","@id":"https:\/\/ruud-borst.nl\/nl\/#website","url":"https:\/\/ruud-borst.nl\/nl\/","name":"Ruud Borst Transport","description":"De schakel die u nodig heeft","potentialAction":[{"@type":"SearchAction","target":{"@type":"EntryPoint","urlTemplate":"https:\/\/ruud-borst.nl\/nl\/?s={search_term_string}"},"query-input":{"@type":"PropertyValueSpecification","valueRequired":true,"valueName":"search_term_string"}}],"inLanguage":"de"}]}},"_links":{"self":[{"href":"https:\/\/ruud-borst.nl\/de\/wp-json\/wp\/v2\/pages\/1287","targetHints":{"allow":["GET"]}}],"collection":[{"href":"https:\/\/ruud-borst.nl\/de\/wp-json\/wp\/v2\/pages"}],"about":[{"href":"https:\/\/ruud-borst.nl\/de\/wp-json\/wp\/v2\/types\/page"}],"author":[{"embeddable":true,"href":"https:\/\/ruud-borst.nl\/de\/wp-json\/wp\/v2\/users\/2"}],"replies":[{"embeddable":true,"href":"https:\/\/ruud-borst.nl\/de\/wp-json\/wp\/v2\/comments?post=1287"}],"version-history":[{"count":0,"href":"https:\/\/ruud-borst.nl\/de\/wp-json\/wp\/v2\/pages\/1287\/revisions"}],"wp:attachment":[{"href":"https:\/\/ruud-borst.nl\/de\/wp-json\/wp\/v2\/media?parent=1287"}],"curies":[{"name":"wp","href":"https:\/\/api.w.org\/{rel}","templated":true}]}}